{"id":1138,"date":"2022-05-19T12:16:55","date_gmt":"2022-05-19T10:16:55","guid":{"rendered":"https:\/\/poyan.se\/hem\/"},"modified":"2023-11-01T15:03:38","modified_gmt":"2023-11-01T14:03:38","slug":"hem","status":"publish","type":"page","link":"https:\/\/poyan.se\/en\/","title":{"rendered":"Home"},"content":{"rendered":"<p>Detta \u00e4r en CTA &#8211; call to action. H\u00e4r vill du uppmana l\u00e4saren att ta kontakt med er f\u00f6r att ta n\u00e4sta steg. Texten kan t.ex. vara \u201cH\u00f6r av dig till oss s\u00e5 ber\u00e4ttar vi mer!\u201d<\/p>\n","protected":false},"excerpt":{"rendered":"<p>Detta \u00e4r en CTA &#8211; call to action. H\u00e4r vill du uppmana l\u00e4saren att ta kontakt med er f\u00f6r att ta n\u00e4sta steg. Texten kan\u2026 <a class=\"excerpt-read-more\" href=\"https:\/\/poyan.se\/en\/\">L\u00e4s Mer<\/a><\/p>\n","protected":false},"author":2,"featured_media":0,"parent":0,"menu_order":0,"comment_status":"closed","ping_status":"closed","template":"","meta":{"_acf_changed":false,"footnotes":""},"class_list":["post-1138","page","type-page","status-publish","hentry"],"acf":[],"yoast_head":"<!-- This site is optimized with the Yoast SEO plugin v27.4 - https:\/\/yoast.com\/product\/yoast-seo-wordpress\/ -->\n<title>Poyan Sandnell - Entrepreneur within the Swedish labor market<\/title>\n<meta name=\"description\" content=\"Hello! My name is Poyan Sandnell and I am an entrepreneur in the Swedish labor market. I want to create an easier and fairer path to work.\" \/>\n<meta name=\"robots\" content=\"index, follow, max-snippet:-1, max-image-preview:large, max-video-preview:-1\" \/>\n<link rel=\"canonical\" href=\"https:\/\/poyan.se\/en\/\" \/>\n<meta property=\"og:locale\" content=\"en_US\" \/>\n<meta property=\"og:type\" content=\"article\" \/>\n<meta property=\"og:title\" content=\"Poyan Sandnell - Entrepreneur within the Swedish labor market\" \/>\n<meta property=\"og:description\" content=\"Hello! My name is Poyan Sandnell and I am an entrepreneur in the Swedish labor market. I want to create an easier and fairer path to work.\" \/>\n<meta property=\"og:url\" content=\"https:\/\/poyan.se\/en\/\" \/>\n<meta property=\"og:site_name\" content=\"Poyan Sandnell\" \/>\n<meta property=\"article:modified_time\" content=\"2023-11-01T14:03:38+00:00\" \/>\n<meta name=\"twitter:card\" content=\"summary_large_image\" \/>\n<meta name=\"twitter:label1\" content=\"Est. reading time\" \/>\n\t<meta name=\"twitter:data1\" content=\"1 minute\" \/>\n<script type=\"application\/ld+json\" class=\"yoast-schema-graph\">{\"@context\":\"https:\\\/\\\/schema.org\",\"@graph\":[{\"@type\":\"WebPage\",\"@id\":\"https:\\\/\\\/poyan.se\\\/en\\\/\",\"url\":\"https:\\\/\\\/poyan.se\\\/en\\\/\",\"name\":\"Poyan Sandnell - Entrepreneur within the Swedish labor market\",\"isPartOf\":{\"@id\":\"https:\\\/\\\/poyan.se\\\/#website\"},\"datePublished\":\"2022-05-19T10:16:55+00:00\",\"dateModified\":\"2023-11-01T14:03:38+00:00\",\"description\":\"Hello! My name is Poyan Sandnell and I am an entrepreneur in the Swedish labor market. I want to create an easier and fairer path to work.\",\"breadcrumb\":{\"@id\":\"https:\\\/\\\/poyan.se\\\/en\\\/#breadcrumb\"},\"inLanguage\":\"en-US\",\"potentialAction\":[{\"@type\":\"ReadAction\",\"target\":[\"https:\\\/\\\/poyan.se\\\/en\\\/\"]}]},{\"@type\":\"BreadcrumbList\",\"@id\":\"https:\\\/\\\/poyan.se\\\/en\\\/#breadcrumb\",\"itemListElement\":[{\"@type\":\"ListItem\",\"position\":1,\"name\":\"Hem\",\"item\":\"https:\\\/\\\/poyan.se\\\/en\\\/\"},{\"@type\":\"ListItem\",\"position\":2,\"name\":\"Home\"}]},{\"@type\":\"WebSite\",\"@id\":\"https:\\\/\\\/poyan.se\\\/#website\",\"url\":\"https:\\\/\\\/poyan.se\\\/\",\"name\":\"Poyan Sandnell\",\"description\":\"\",\"potentialAction\":[{\"@type\":\"SearchAction\",\"target\":{\"@type\":\"EntryPoint\",\"urlTemplate\":\"https:\\\/\\\/poyan.se\\\/?s={search_term_string}\"},\"query-input\":{\"@type\":\"PropertyValueSpecification\",\"valueRequired\":true,\"valueName\":\"search_term_string\"}}],\"inLanguage\":\"en-US\"}]}<\/script>\n<!-- \/ Yoast SEO plugin. -->","yoast_head_json":{"title":"Poyan Sandnell - Entrepreneur within the Swedish labor market","description":"Hello! My name is Poyan Sandnell and I am an entrepreneur in the Swedish labor market. I want to create an easier and fairer path to work.","robots":{"index":"index","follow":"follow","max-snippet":"max-snippet:-1","max-image-preview":"max-image-preview:large","max-video-preview":"max-video-preview:-1"},"canonical":"https:\/\/poyan.se\/en\/","og_locale":"en_US","og_type":"article","og_title":"Poyan Sandnell - Entrepreneur within the Swedish labor market","og_description":"Hello! My name is Poyan Sandnell and I am an entrepreneur in the Swedish labor market. I want to create an easier and fairer path to work.","og_url":"https:\/\/poyan.se\/en\/","og_site_name":"Poyan Sandnell","article_modified_time":"2023-11-01T14:03:38+00:00","twitter_card":"summary_large_image","twitter_misc":{"Est. reading time":"1 minute"},"schema":{"@context":"https:\/\/schema.org","@graph":[{"@type":"WebPage","@id":"https:\/\/poyan.se\/en\/","url":"https:\/\/poyan.se\/en\/","name":"Poyan Sandnell - Entrepreneur within the Swedish labor market","isPartOf":{"@id":"https:\/\/poyan.se\/#website"},"datePublished":"2022-05-19T10:16:55+00:00","dateModified":"2023-11-01T14:03:38+00:00","description":"Hello! My name is Poyan Sandnell and I am an entrepreneur in the Swedish labor market. I want to create an easier and fairer path to work.","breadcrumb":{"@id":"https:\/\/poyan.se\/en\/#breadcrumb"},"inLanguage":"en-US","potentialAction":[{"@type":"ReadAction","target":["https:\/\/poyan.se\/en\/"]}]},{"@type":"BreadcrumbList","@id":"https:\/\/poyan.se\/en\/#breadcrumb","itemListElement":[{"@type":"ListItem","position":1,"name":"Hem","item":"https:\/\/poyan.se\/en\/"},{"@type":"ListItem","position":2,"name":"Home"}]},{"@type":"WebSite","@id":"https:\/\/poyan.se\/#website","url":"https:\/\/poyan.se\/","name":"Poyan Sandnell","description":"","potentialAction":[{"@type":"SearchAction","target":{"@type":"EntryPoint","urlTemplate":"https:\/\/poyan.se\/?s={search_term_string}"},"query-input":{"@type":"PropertyValueSpecification","valueRequired":true,"valueName":"search_term_string"}}],"inLanguage":"en-US"}]}},"_links":{"self":[{"href":"https:\/\/poyan.se\/en\/wp-json\/wp\/v2\/pages\/1138","targetHints":{"allow":["GET"]}}],"collection":[{"href":"https:\/\/poyan.se\/en\/wp-json\/wp\/v2\/pages"}],"about":[{"href":"https:\/\/poyan.se\/en\/wp-json\/wp\/v2\/types\/page"}],"author":[{"embeddable":true,"href":"https:\/\/poyan.se\/en\/wp-json\/wp\/v2\/users\/2"}],"replies":[{"embeddable":true,"href":"https:\/\/poyan.se\/en\/wp-json\/wp\/v2\/comments?post=1138"}],"version-history":[{"count":0,"href":"https:\/\/poyan.se\/en\/wp-json\/wp\/v2\/pages\/1138\/revisions"}],"wp:attachment":[{"href":"https:\/\/poyan.se\/en\/wp-json\/wp\/v2\/media?parent=1138"}],"curies":[{"name":"wp","href":"https:\/\/api.w.org\/{rel}","templated":true}]}}